{"id":10,"date":"2009-02-15T14:06:42","date_gmt":"2009-02-15T12:06:42","guid":{"rendered":"http:\/\/hansschlemper.de\/photography\/?page_id=10"},"modified":"2009-02-15T14:06:42","modified_gmt":"2009-02-15T12:06:42","slug":"kommentare","status":"publish","type":"page","link":"https:\/\/www.hansschlemper.de\/?page_id=10","title":{"rendered":"Kommentare"},"content":{"rendered":"<div id=\"content\">\n<div id=\"contentleft\">\n<div id=\"inhaltleft\">\n<p class=\"local\">&#8222;Du bist kein K\u00fcnstler.&#8220;<br \/>\n(Ehefrau)<\/p>\n<p class=\"local\">&#8222;Furchtbar. Deprimierend. Will ich mir gar nicht anschauen.&#8220;<br \/>\n(Ehefrau)<\/p>\n<p class=\"local\">&#8222;Ich w\u00fcrde nie f\u00fcr ein Foto Geld ausgeben.&#8220;<br \/>\n(Sohn)<\/p>\n<p class=\"local\">&#8222;Ihre Ausstellung hat &#8230; mich zum Denken \u00fcber Sinn und Zweck der Fotografie angeregt.&#8220;<br \/>\n(Besucher, Konstanz 1998)<\/p>\n<p class=\"local\">&#8222;Wieder einmal ist mir beim Betrachten Ihrer Ausstellung aufgegangen, da\u00df sich der \u00e4sthetische Reiz der Fotografie nicht im Einzelbild ersch\u00f6pft.&#8220;<br \/>\n(Besucher, Konstanz 1998)<\/p>\n<p class=\"local\">&#8222;Ses photos sont le reflet de ses \u00e9tats d\u00b4\u00e2me. Elles parlent, sugg\u00e8rent des \u00e9motions, parfois violentes, troubl\u00e9es, angoissantes aussi, qu\u00b4elles soient faites en Roumanie, en Allemagne, \u00e0 New York ou encore \u00e0 Blanzy. (&#8230;) Cette exposition n\u00b4a laiss\u00e9 personne indiff\u00e9rent quelques soient les \u00e9motions ressenties.&#8220;<br \/>\n(Aus: LE JOURNAL DE SAONE-ET-LOIRE, 12.9.2001)<\/p>\n<p class=\"local\">&#8222;Alles ist schaurig sch\u00f6n. Man ist wirklich beeindruckt.&#8220;<br \/>\n(Besucher, Hermannstadt\/Sibiu 2004)<\/p>\n<p class=\"local\">&#8222;Ich bin gekommen, ich habe gesehen, bin gegangen; &#8230; es ist etwas.&#8220;<br \/>\n(Besucher, Hermannstadt\/Sibiu 2004)<\/p>\n<p class=\"local\">&#8222;Eine Ausstellung mit vielem, was man nicht versteht, existentiellen, be\u00e4ngstigenden Antworten, Freude am Sehen und der Traurigkeit \u00fcber das Verstehen des physischen Schmerzes.&#8220;<br \/>\n(Besucher, Hermannstadt\/Sibiu 2004)<\/p>\n<p class=\"local\">&#8222;Wahr und unwahr, Humor und Traurigkeit, Armut und Wohlstand, Religion und Mystik, Leben und Tod, ein Spektrum an Gef\u00fchlen und Ungewi\u00dfheiten, beeindruckende Blicke des Fotografen.&#8220;<br \/>\n(Besucher, Hermannstadt\/Sibiu 2004)<\/p>\n<p class=\"local\">&#8222;Die Ausstellung ist sehr interessant, ich habe bis jetzt so etwas noch nie gesehen. Danke vielmals &#8230;, ich f\u00fchle mich jetzt anders.&#8220;<br \/>\n(Besucher, Hermannstadt\/Sibiu 2004)<\/p>\n<p class=\"local\">&#8222;Ich werde nicht auf Fragen antworten, weil ich die Antworten nicht kenne. Aber etwas wei\u00df ich ganz bestimmt: ich mu\u00df ich selbst bleiben, unabh\u00e4ngig von der Meinung anderer.&#8220;<br \/>\n(Besucher, Hermannstadt\/Sibiu 2004)<\/p>\n<p class=\"local\">&#8222;Wenn er (gemeint ist H.S.) es &#8230; schafft, den Menschen nahe zu kommen, lassen sich erstaunliche Inhalte aus den Fotos lesen: Tochter und Vater auf der Couch. Keine Ber\u00fchrung, die H\u00e4nde zur Faust geballt. Bestenfalls spannungsgeladen und aufregend ist der Blick zwischen beiden, schlimmstenfalls reden die beiden seit 10 Jahren nicht mehr miteinander und sa\u00dfen auf diesem Foto zwangsl\u00e4ufig.&#8220;<br \/>\n(Carola Stadtm\u00fcller im S\u00fcDKURIER, 7.1.2005)<\/p>\n<p class=\"local\">&#8222;Schlempers Blick auf Konstanz mag ironisch und sarkastisch sein, b\u00f6sartig ist er keinesfalls. (&#8230;) Schlemper versucht, das &#8218;Welttheater der Provinz&#8216; in Strukturen, Plakaten oder Werbung im \u00f6ffentlichen Raum einzufangen. Ein Foto von einem CDU-Wahlkampfplakat mit dem Slogan &#8218;Arbeit sichern, Chancen schaffen&#8216; vor dem \u00f6rtlichen Bordell ist ein Beispiel f\u00fcr Schlempers ironische Sicht der Dinge.&#8220;<br \/>\n(Ralf Baumann im KONSTANZ ANZEIGER, 14.7.2006)<\/p>\n<p class=\"local\">&#8222;Son exposition (&#8222;La C\u00f4te d\u00b4Alb\u00e2tre &#8211; mar\u00e9es, saisons, ann\u00e9es&#8220;) est le r\u00e9sultat d\u00b4un travail technique tr\u00e8s pr\u00e9cis, sous le proc\u00e9d\u00e9 de la photographie argentique qu\u00b4il ma\u00eetrise totalement, par la prise de vue et par le tirage qu\u00b4il r\u00e9alise lui-m\u00eame. De par les d\u00e9tails de l\u00b4image et le tirage d\u00b4une grande pr\u00e9cision, il obtient une image presque surr\u00e9aliste.&#8220;<br \/>\n(Aus: PARIS-NORMANDIE, 20.2.2006)<\/p>\n<p class=\"local\">&#8222;Je ne verrai plus les &#8218;cailloux&#8216; de la m\u00eame mani\u00e8re. Merci.&#8220;<br \/>\n(Besucher, Le Havre 2007)<\/p>\n<p class=\"local\">&#8222;Schlemper, inventeur de la philosophie photographique?&#8220;<br \/>\n(Besucher, Le Havre 200\/)<\/p>\n<p class=\"local\">&#8222;Bravo; je vais gr\u00e2ce \u00e0 vous continuer \u00e0 photographier les rivages d\u00b4ici pour traquer des formes impr\u00e9visibles.&#8220;<br \/>\n(Besucher, Le Havre 2007)<\/p>\n<p class=\"local\">&#8222;Voil\u00e0 qui fait travailler l\u00b4imagination.&#8220;<br \/>\n(Besucher, Le Havre 2007)<\/p>\n<p class=\"local\">&#8222;Qui a dit que les pierres ne vivaient pas? En voyant ces formes pleines de force, on ne peut qu\u00b4\u00eatre \u00e9bahi et se sentir humble face \u00e0 la beaut\u00e9 que nous offre la nature. Des images magnifiques, m\u00ealant force et sensualit\u00e9 &#8230;&#8220;<br \/>\n(Besucher, Le Havre 2007)<\/p>\n<p class=\"local\">&#8222;Revenez dans notre cher pays d\u00e8s que votre d\u00e9sir vous y poussera; vous venez de lui donner une profondeur propice \u00e0 nos propres voyages intimes.&#8220;<br \/>\n(Besucher, Le Havre 2007)<\/p>\n<p class=\"local\">&#8222;Hans Schlemper, originaire de Berlin, livre ses \u00e9motions surgies au d\u00e9tour de ses promenades sur la C\u00f4te d\u00b4Alb\u00e2tre et les associe \u00e0 sa vision du monde. (&#8230;) Photographies extr\u00eamement sensibles, soign\u00e9es, o\u00f9 l\u00b4ombre joue d\u00e9licatement avec la lumi\u00e8re. Elles raviront les amateurs!&#8220;<br \/>\n(Aus: LE HAVRE-PRESSE, 30.4.2007)<\/p>\n<p class=\"local\">&#8222;Hans Schlemper, die bizarre Nordk\u00fcste Frankreichs vor Augen, an der dem jeweils Neuen immer die Zerst\u00f6rung des Alten vorherging, dringt mit seinen Fragen zum Anfang von Allem vor: Ging nicht auch der Sch\u00f6pfung Zerst\u00f6rung vorher? Keine Erschaffung ohne Zerst\u00f6rung, ist seine k\u00fchne Quintessenz. In kaum ertr\u00e4glicher Melancholie h\u00e4lt seine Kamera in Schwarz-Wei\u00df die Poesie der Felsformationen fest: Eine Erz\u00e4hlung unausweichlichen Verfalls, in der erhabene \u00e4sthetische Formen entstanden sind. Aber weich wird die Melancholie in einem f\u00fcr Hans Schlemper tr\u00f6stlichen, aber durchaus fragw\u00fcrdigen Aspekt: Alle Verg\u00e4nglichkeit des Gewordenen sei eine R\u00fcckkehr zum Anfang.&#8220;<br \/>\n(Dr. G. Stamer, REFLEX e.V., Hannover, in seiner Einladung zur Finissage der Ausstellung &#8222;Die sch\u00f6pferische Erosion &#8211; Konfrontation mit der Verg\u00e4nglichkeit&#8220;, 30.1.2008)<\/p>\n<\/div>\n<\/div>\n<\/div>\n","protected":false},"excerpt":{"rendered":"\n<p class=\"local\">&#8222;Du bist kein K\u00fcnstler.&#8220; (Ehefrau)<\/p>\n<p class=\"local\">&#8222;Furchtbar. Deprimierend. Will ich mir gar nicht anschauen.&#8220; (Ehefrau)<\/p>\n<p class=\"local\">&#8222;Ich w\u00fcrde nie f\u00fcr ein Foto Geld ausgeben.&#8220; (Sohn)<\/p>\n<p class=\"local\">&#8222;Ihre Ausstellung hat &#8230; mich zum Denken \u00fcber Sinn und Zweck der Fotografie angeregt.&#8220; (Besucher, Konstanz 1998)<\/p>\n<p class=\"local\">&#8222;Wieder einmal ist mir beim Betrachten Ihrer Ausstellung aufgegangen, [&#8230;]<\/p>\n","protected":false},"author":1,"featured_media":0,"parent":0,"menu_order":4,"comment_status":"closed","ping_status":"closed","template":"","meta":{"ngg_post_thumbnail":0,"footnotes":""},"class_list":["post-10","page","type-page","status-publish","hentry","odd"],"_links":{"self":[{"href":"https:\/\/www.hansschlemper.de\/index.php?rest_route=\/wp\/v2\/pages\/10","targetHints":{"allow":["GET"]}}],"collection":[{"href":"https:\/\/www.hansschlemper.de\/index.php?rest_route=\/wp\/v2\/pages"}],"about":[{"href":"https:\/\/www.hansschlemper.de\/index.php?rest_route=\/wp\/v2\/types\/page"}],"author":[{"embeddable":true,"href":"https:\/\/www.hansschlemper.de\/index.php?rest_route=\/wp\/v2\/users\/1"}],"replies":[{"embeddable":true,"href":"https:\/\/www.hansschlemper.de\/index.php?rest_route=%2Fwp%2Fv2%2Fcomments&post=10"}],"version-history":[{"count":1,"href":"https:\/\/www.hansschlemper.de\/index.php?rest_route=\/wp\/v2\/pages\/10\/revisions"}],"predecessor-version":[{"id":11,"href":"https:\/\/www.hansschlemper.de\/index.php?rest_route=\/wp\/v2\/pages\/10\/revisions\/11"}],"wp:attachment":[{"href":"https:\/\/www.hansschlemper.de\/index.php?rest_route=%2Fwp%2Fv2%2Fmedia&parent=10"}],"curies":[{"name":"wp","href":"https:\/\/api.w.org\/{rel}","templated":true}]}}