{"id":12,"date":"2009-02-15T14:07:24","date_gmt":"2009-02-15T12:07:24","guid":{"rendered":"http:\/\/hansschlemper.de\/photography\/?page_id=12"},"modified":"2009-02-15T14:07:24","modified_gmt":"2009-02-15T12:07:24","slug":"ausstellungen","status":"publish","type":"page","link":"https:\/\/www.hansschlemper.de\/?page_id=12","title":{"rendered":"Ausstellungen"},"content":{"rendered":"<table border=\"0\">\n<tbody>\n<tr>\n<td>2007<\/td>\n<td>REFLEX e.V., Institut f\u00fcr Praktische Philosophie, Hannover: &#8222;Die sch\u00f6pferische Erosion \u2013 Konfrontation mit der Verg\u00e4nglichkeit&#8220; (Die C\u00f4te d\u2019Alb\u00e2tre der Oberen Normandie zwischen Etretat und Le Tr\u00e9port)<\/td>\n<\/tr>\n<tr>\n<td>2007<\/td>\n<td>Th\u00e9\u00e2tre de l\u2019H\u00f4tel de Ville du Havre, Le Havre: &#8222;La C\u00f4te d\u2019Alb\u00e2tre&#8220;<\/td>\n<\/tr>\n<tr>\n<td>2007<\/td>\n<td>Lucian Blaga Universit\u00e4t Sibiu\/Hermannstadt, Rum\u00e4nien: &#8222;Stra\u00dfen oder Gegen Fotografie&#8220;<\/td>\n<\/tr>\n<tr>\n<td>2006<\/td>\n<td>vhs Galerie, Konstanz: &#8222;Konstanz, Tag f\u00fcr Tag&#8220;<\/td>\n<\/tr>\n<tr>\n<td>2006<\/td>\n<td>Service communication de la Ville de Dieppe, Dieppe: &#8222;La C\u00f4te d\u2019Alb\u00e2tre \u2013 mar\u00e9es, saisons, ann\u00e9es&#8220;<\/td>\n<\/tr>\n<tr>\n<td>2005<\/td>\n<td>La Cave est Restaurant, Montreuil bei Paris: &#8222;Une poup\u00e9e qui s\u2019appelle Olympia&#8220; (Dialog mit E.T.A. Hoffmann\/Jacques Offenbach)<\/td>\n<\/tr>\n<tr>\n<td>2004<\/td>\n<td>vhs Galerie, Konstanz: &#8222;V\u00e4ter \u2013 Bilder&#8220;<\/td>\n<\/tr>\n<tr>\n<td>2004<\/td>\n<td>Evangelische Stadtpfarrkirche Sibiu\/Hermannstadt, Rum\u00e4nien: &#8222;Dialog mit Max Frisch: Fotografien&#8220;<\/td>\n<\/tr>\n<tr>\n<td>2003<\/td>\n<td>CARITAS-Fotogalerie, Konstanz: &#8222;Metamorphosen&#8220;<\/td>\n<\/tr>\n<tr>\n<td>2002<\/td>\n<td>Fotogalerie im Hause Bohl e.V., Eisenach: &#8222;Begegnungen&#8220; (zusammen mit Georg von Glasow)<\/td>\n<\/tr>\n<tr>\n<td>2000<\/td>\n<td>Mus\u00e9e de la mine, Blanzy, Frankreich: &#8222;Photographies&#8220; (f\u00fcr das&#8220;Festival en sol mineur&#8220;)<\/td>\n<\/tr>\n<tr>\n<td>1998<\/td>\n<td>Bibliothek der Universit\u00e4t, Konstanz: &#8222;Zuneigung und Struktur. Erscheinungen des t\u00e4glichen Lebens&#8220;<\/td>\n<\/tr>\n<\/tbody>\n<\/table>\n","protected":false},"excerpt":{"rendered":"<p> 2007 REFLEX e.V., Institut f\u00fcr Praktische Philosophie, Hannover: &#8222;Die sch\u00f6pferische Erosion \u2013 Konfrontation mit der Verg\u00e4nglichkeit&#8220; (Die C\u00f4te d\u2019Alb\u00e2tre der Oberen Normandie zwischen Etretat und Le Tr\u00e9port) 2007 Th\u00e9\u00e2tre de l\u2019H\u00f4tel de Ville du Havre, Le Havre: &#8222;La C\u00f4te d\u2019Alb\u00e2tre&#8220; 2007 Lucian Blaga Universit\u00e4t Sibiu\/Hermannstadt, Rum\u00e4nien: &#8222;Stra\u00dfen oder Gegen Fotografie&#8220; 2006 vhs Galerie, Konstanz: [&#8230;]<\/p>\n","protected":false},"author":1,"featured_media":0,"parent":0,"menu_order":3,"comment_status":"closed","ping_status":"closed","template":"","meta":{"ngg_post_thumbnail":0,"footnotes":""},"class_list":["post-12","page","type-page","status-publish","hentry","odd"],"_links":{"self":[{"href":"https:\/\/www.hansschlemper.de\/index.php?rest_route=\/wp\/v2\/pages\/12","targetHints":{"allow":["GET"]}}],"collection":[{"href":"https:\/\/www.hansschlemper.de\/index.php?rest_route=\/wp\/v2\/pages"}],"about":[{"href":"https:\/\/www.hansschlemper.de\/index.php?rest_route=\/wp\/v2\/types\/page"}],"author":[{"embeddable":true,"href":"https:\/\/www.hansschlemper.de\/index.php?rest_route=\/wp\/v2\/users\/1"}],"replies":[{"embeddable":true,"href":"https:\/\/www.hansschlemper.de\/index.php?rest_route=%2Fwp%2Fv2%2Fcomments&post=12"}],"version-history":[{"count":1,"href":"https:\/\/www.hansschlemper.de\/index.php?rest_route=\/wp\/v2\/pages\/12\/revisions"}],"predecessor-version":[{"id":13,"href":"https:\/\/www.hansschlemper.de\/index.php?rest_route=\/wp\/v2\/pages\/12\/revisions\/13"}],"wp:attachment":[{"href":"https:\/\/www.hansschlemper.de\/index.php?rest_route=%2Fwp%2Fv2%2Fmedia&parent=12"}],"curies":[{"name":"wp","href":"https:\/\/api.w.org\/{rel}","templated":true}]}}