{"id":14,"date":"2009-02-15T14:09:45","date_gmt":"2009-02-15T12:09:45","guid":{"rendered":"http:\/\/hansschlemper.de\/photography\/?page_id=14"},"modified":"2009-02-15T17:46:42","modified_gmt":"2009-02-15T15:46:42","slug":"biografie","status":"publish","type":"page","link":"https:\/\/www.hansschlemper.de\/?page_id=14","title":{"rendered":"Biografie"},"content":{"rendered":"<p><img loading=\"lazy\" decoding=\"async\" class=\"size-full wp-image-4 alignright\" style=\"border: 2px solid black;\" src=\"http:\/\/hansschlemper.de\/photography\/wp-content\/uploads\/2009\/02\/hs_portrait.jpg\" alt=\"Hans Schlemper\" width=\"450\" height=\"450\" srcset=\"https:\/\/www.hansschlemper.de\/photography\/wp-content\/uploads\/2009\/02\/hs_portrait.jpg 450w, https:\/\/www.hansschlemper.de\/photography\/wp-content\/uploads\/2009\/02\/hs_portrait-150x150.jpg 150w, https:\/\/www.hansschlemper.de\/photography\/wp-content\/uploads\/2009\/02\/hs_portrait-300x300.jpg 300w\" sizes=\"auto, (max-width: 450px) 100vw, 450px\" \/><\/p>\n<div id=\"contentleft\">\n<p class=\"local\">Geboren in Berlin, aufgewachsen in l\u00e4ndlichen Umgebungen zwischen Weichsel und Rhein. Fr\u00fch konfrontiert mit der Fl\u00fcchtigkeit der Welt, aber immer auch schon liebevoll angeleitet, die Sch\u00f6nheit alles Verg\u00e4nglichen dankbar wahrzunehmen.<\/p>\n<p class=\"local\">Studium u.a. der Philosophie und Geschichte (Dr. phil.); verbliebener Gewinn dieses Bildungsweges: gro\u00dfe Empf\u00e4nglichkeit f\u00fcr philosophische Dichtungen zwischen Montaigne, Hegel und Camus.<\/p>\n<p class=\"local\">Mehrj\u00e4hrige Arbeitsaufenthalte in Lyon, Nairobi und Mogadischu. Seit 1969 Dozent an der Universit\u00e4t Konstanz.<\/p>\n<p class=\"local\">Sp\u00e4ter Zugang zur Fotografie. Wichtigste fotografische Leitbilder unter den Zeitgenossen (in alphabetischer Reihenfolge): Richard Avedon (Portr\u00e4ts), Raymond Depardon (&#8222;Errance&#8220;), Robert Frank, Helmut Newton (&#8222;Sex and Landscapes&#8220;), Josef Koudelka, Ryuji Miyamoto, Daido Moriyama, Hiroshi Sugimoto (&#8222;Seascapes&#8220;), Shomei Tomatsu.<\/p>\n<p class=\"local\">Fotografiert bis jetzt (2009) ausschlie\u00dflich schwarz-wei\u00df in Analogtechnik; bevorzugt Mittelformate (6 x 6; 6 x 7) mit 50 mm Objektiven.<\/p>\n<p class=\"local\">Foto von Georg von Glasow<\/p>\n<\/div>\n","protected":false},"excerpt":{"rendered":"<\/p>\n<p class=\"local\">Geboren in Berlin, aufgewachsen in l\u00e4ndlichen Umgebungen zwischen Weichsel und Rhein. Fr\u00fch konfrontiert mit der Fl\u00fcchtigkeit der Welt, aber immer auch schon liebevoll angeleitet, die Sch\u00f6nheit alles Verg\u00e4nglichen dankbar wahrzunehmen.<\/p>\n<p class=\"local\">Studium u.a. der Philosophie und Geschichte (Dr. phil.); verbliebener Gewinn dieses Bildungsweges: gro\u00dfe Empf\u00e4nglichkeit f\u00fcr philosophische Dichtungen zwischen Montaigne, Hegel und Camus.<\/p>\n<p> [&#8230;]<\/p>\n","protected":false},"author":1,"featured_media":0,"parent":0,"menu_order":2,"comment_status":"closed","ping_status":"closed","template":"","meta":{"ngg_post_thumbnail":0,"footnotes":""},"class_list":["post-14","page","type-page","status-publish","hentry","odd"],"_links":{"self":[{"href":"https:\/\/www.hansschlemper.de\/index.php?rest_route=\/wp\/v2\/pages\/14","targetHints":{"allow":["GET"]}}],"collection":[{"href":"https:\/\/www.hansschlemper.de\/index.php?rest_route=\/wp\/v2\/pages"}],"about":[{"href":"https:\/\/www.hansschlemper.de\/index.php?rest_route=\/wp\/v2\/types\/page"}],"author":[{"embeddable":true,"href":"https:\/\/www.hansschlemper.de\/index.php?rest_route=\/wp\/v2\/users\/1"}],"replies":[{"embeddable":true,"href":"https:\/\/www.hansschlemper.de\/index.php?rest_route=%2Fwp%2Fv2%2Fcomments&post=14"}],"version-history":[{"count":6,"href":"https:\/\/www.hansschlemper.de\/index.php?rest_route=\/wp\/v2\/pages\/14\/revisions"}],"predecessor-version":[{"id":32,"href":"https:\/\/www.hansschlemper.de\/index.php?rest_route=\/wp\/v2\/pages\/14\/revisions\/32"}],"wp:attachment":[{"href":"https:\/\/www.hansschlemper.de\/index.php?rest_route=%2Fwp%2Fv2%2Fmedia&parent=14"}],"curies":[{"name":"wp","href":"https:\/\/api.w.org\/{rel}","templated":true}]}}